{"id":1558,"date":"2019-05-16T08:45:38","date_gmt":"2019-05-16T06:45:38","guid":{"rendered":"https:\/\/louise-mariage.com\/accessoires\/bianco-accessoires\/"},"modified":"2019-05-27T10:30:15","modified_gmt":"2019-05-27T08:30:15","slug":"bianco-accessories","status":"publish","type":"page","link":"https:\/\/louise-mariage.com\/en\/accessories\/bianco-accessories\/","title":{"rendered":"Bianco Accessories"},"content":{"rendered":"<p>[vc_row force_equal_height_columns=&#8221;main_row&#8221; dfd_row_config=&#8221;full_width_content&#8221;][vc_column width=&#8221;1\/2&#8243; css=&#8221;.vc_custom_1557405942019{background-image: url(https:\/\/louise-mariage.com\/wp-content\/uploads\/2019\/05\/bianco-evento-collier-dos.jpg?id=746) !important;background-position: center !important;background-repeat: no-repeat !important;background-size: cover !important;}&#8221;]<div class=\"dfd-spacer-module\"  data-units=\"px\" data-wide_resolution=\"1280\" data-wide_size=\"900\" data-normal_resolution=\"1024\" data-normal_size=\"900\" data-tablet_resolution=\"800\" data-tablet_size=\"900\" data-mobile_resolution=\"480\" data-mobile_size=\"900\" style=\"height: 900px;\"><\/div>[\/vc_column][vc_column width=&#8221;1\/2&#8243; css=&#8221;.vc_custom_1557394892886{padding-top: 6% !important;padding-right: 6% !important;padding-bottom: 6% !important;padding-left: 6% !important;}&#8221;]<div class=\"dfd-heading-shortcode\"><div class=\"dfd-heading-module-wrap  text-left style_01 dfd-heading-69ea206cc9927 dfd-enable-resposive-headings\" id=\"dfd-heading-69ea206cc9927\" ><div class=\"inline-block\"><div class=\"dfd-heading-module\"><h1 class=\"widget-title dfd-title \" style=\"\">Bianco<\/p>\n<p><\/h1><\/div><\/div><\/div><script type=\"text\/javascript\">\r\n\t\t\t\t\t\t\t\t\t(function($) {\r\n\t\t\t\t\t\t\t\t\t\t$(\"head\").append(\"<style>.dfd-heading-69ea206cc9927.dfd-heading-module-wrap .dfd-heading-module .dfd-heading-delimiter {margin-top:10px;margin-bottom:10px;}<\/style>\");\r\n\t\t\t\t\t\t\t\t\t})(jQuery);\r\n\t\t\t\t\t\t\t\t<\/script><\/div><div class=\"dfd-spacer-module\"  data-units=\"px\" data-wide_resolution=\"1280\" data-wide_size=\"35\" data-normal_resolution=\"1024\" data-normal_size=\"35\" data-tablet_resolution=\"800\" data-tablet_size=\"35\" data-mobile_resolution=\"480\" data-mobile_size=\"35\" style=\"height: 35px;\"><\/div>[vc_column_text]Belt in satin, chiffon, lace and pearls with ornament on the central part. They can be different colors according to your wishes.<br \/>\nSatin or lace gloves are available for your hands and emphasise your wedding ring. Alliance cushions.<br \/>\nWe also propose wedding purses decorated with delicacy, lace clutches, satin or sequined.<br \/>\nOur boleros are not simple accessories to warm you up, they are designed with care in different materials and are really the master pieces of your outfit. Adapted to your style and your dress, you will really have the opportunity to wear your dress as you always dreamed. But also shawls, false fur for weddings in winter, elegant jackets in taffeta, capes, stoles, ponchos etc.[\/vc_column_text][\/vc_column][\/vc_row][vc_row][vc_column]<div class=\"dfd-spacer-module\"  data-units=\"px\" data-wide_resolution=\"1280\" data-wide_size=\"20\" data-normal_resolution=\"1024\" data-normal_size=\"20\" data-tablet_resolution=\"800\" data-tablet_size=\"20\" data-mobile_resolution=\"480\" data-mobile_size=\"20\" style=\"height: 20px;\"><\/div>[\/vc_column][\/vc_row][vc_row force_equal_height_columns=&#8221;main_row&#8221; align_content_vertically=&#8221;&#8221;][vc_column width=&#8221;1\/2&#8243; css=&#8221;.vc_custom_1557394637707{background-position: center !important;background-repeat: no-repeat !important;background-size: cover !important;}&#8221;][vc_single_image image=&#8221;751&#8243; img_size=&#8221;full&#8221;][\/vc_column][vc_column width=&#8221;1\/2&#8243;][rev_slider_vc alias=&#8221;bianco1&#8243;][\/vc_column][\/vc_row][vc_row][vc_column]<div class=\"dfd-spacer-module\"  data-units=\"px\" data-wide_resolution=\"1280\" data-wide_size=\"20\" data-normal_resolution=\"1024\" data-normal_size=\"20\" data-tablet_resolution=\"800\" data-tablet_size=\"20\" data-mobile_resolution=\"480\" data-mobile_size=\"20\" style=\"height: 20px;\"><\/div>[\/vc_column][\/vc_row][vc_row force_equal_height_columns=&#8221;main_row&#8221; align_content_vertically=&#8221;&#8221;][vc_column width=&#8221;1\/4&#8243;][vc_single_image image=&#8221;754&#8243; img_size=&#8221;full&#8221;][\/vc_column][vc_column width=&#8221;1\/4&#8243;][vc_single_image image=&#8221;757&#8243; img_size=&#8221;full&#8221;][\/vc_column][vc_column width=&#8221;1\/4&#8243;][vc_single_image image=&#8221;763&#8243; img_size=&#8221;full&#8221;][\/vc_column][vc_column width=&#8221;1\/4&#8243;][vc_single_image image=&#8221;760&#8243; img_size=&#8221;full&#8221;][\/vc_column][\/vc_row][vc_row][vc_column]<div class=\"dfd-spacer-module\"  data-units=\"px\" data-wide_resolution=\"1280\" data-wide_size=\"20\" data-normal_resolution=\"1024\" data-normal_size=\"20\" data-tablet_resolution=\"800\" data-tablet_size=\"20\" data-mobile_resolution=\"480\" data-mobile_size=\"20\" style=\"height: 20px;\"><\/div>[\/vc_column][\/vc_row][vc_row force_equal_height_columns=&#8221;main_row&#8221;][vc_column width=&#8221;1\/2&#8243; css=&#8221;.vc_custom_1557399798566{padding-top: 6% !important;padding-right: 6% !important;padding-bottom: 6% !important;padding-left: 6% !important;}&#8221;][vc_column_text]Nous vous proposons d&#8217;\u00e9l\u00e9gants bracelets de diff\u00e9rent style que vous pourriez marier avec nos boucles d\u2019oreilles ou encore des colliers. Ceux-ci peuvent \u00eatre avec en perles ou en cristaux. Du plus discret au plus extravagant, nous nous adaptons \u00e0 vos d\u00e9sirs.<\/p>\n<p>Pour couronner le tout nous vous offrons la possibilit\u00e9 de vous parer de votre accessoire de princesses, gr\u00e2ce \u00e0 nos diad\u00e8mes et tiares parsem\u00e9s de cristaux et de perles \u00e9l\u00e9gantes qui s\u2019adaptent \u00e0 toute coiffure. Le tout fourni dans une boite \u00e9l\u00e9gante pour la femme \u00e9l\u00e9gante que vous \u00eates.<\/p>\n<p>Vous souhaitez habiller votre dos ? Avec nos robes dos nues irr\u00e9sistibles, nous vous proposons des bijoux de dos perl\u00e9s et \u00e0 strass.<\/p>\n<p>Votre chevelure trouvera son bonheur chez nous. Selon votre longueur ou vos d\u00e9sirs, nous vous proposons de quoi l\u2019habiller avec une fixation rapide et efficace. Nous avons des voilettes, des bandeaux, des bijoux en cristal qui donneront un autre design \u00e0 votre coiffure.[\/vc_column_text][\/vc_column][vc_column width=&#8221;1\/2&#8243; css=&#8221;.vc_custom_1557394637707{background-position: center !important;background-repeat: no-repeat !important;background-size: cover !important;}&#8221;][vc_single_image image=&#8221;766&#8243; img_size=&#8221;full&#8221;][\/vc_column][\/vc_row][vc_row][vc_column]<div class=\"dfd-spacer-module\"  data-units=\"px\" data-wide_resolution=\"1280\" data-wide_size=\"20\" data-normal_resolution=\"1024\" data-normal_size=\"20\" data-tablet_resolution=\"800\" data-tablet_size=\"20\" data-mobile_resolution=\"480\" data-mobile_size=\"20\" style=\"height: 20px;\"><\/div>[\/vc_column][\/vc_row][vc_row force_equal_height_columns=&#8221;main_row&#8221; align_content_vertically=&#8221;&#8221;][vc_column width=&#8221;1\/2&#8243;][rev_slider_vc alias=&#8221;bianco2&#8243;][\/vc_column][vc_column width=&#8221;1\/2&#8243; css=&#8221;.vc_custom_1557394637707{background-position: center !important;background-repeat: no-repeat !important;background-size: cover !important;}&#8221;][vc_single_image image=&#8221;769&#8243; img_size=&#8221;full&#8221;][\/vc_column][\/vc_row][vc_row][vc_column]<div class=\"dfd-spacer-module\"  data-units=\"px\" data-wide_resolution=\"1280\" data-wide_size=\"90\" data-normal_resolution=\"1024\" data-normal_size=\"90\" data-tablet_resolution=\"800\" data-tablet_size=\"90\" data-mobile_resolution=\"480\" data-mobile_size=\"90\" style=\"height: 90px;\"><\/div><div class=\"dfd-heading-shortcode\"><div class=\"dfd-heading-module-wrap  text-center style_01 dfd-heading-69ea206cc9bc2 dfd-enable-resposive-headings\" id=\"dfd-heading-69ea206cc9bc2\" ><div class=\"inline-block\"><div class=\"dfd-heading-module\"><h3 class=\"widget-title dfd-title \" style=\"letter-spacing: 3px; \"><span class=\"tlid-translation translation\" lang=\"en\"><span title=\"\">Discover our other accessories<\/span><\/span><\/p>\n<p><\/h3><\/div><\/div><\/div><script type=\"text\/javascript\">\r\n\t\t\t\t\t\t\t\t\t(function($) {\r\n\t\t\t\t\t\t\t\t\t\t$(\"head\").append(\"<style>.dfd-heading-69ea206cc9bc2.dfd-heading-module-wrap .dfd-heading-module .dfd-heading-delimiter {margin-top:10px;margin-bottom:10px;}<\/style>\");\r\n\t\t\t\t\t\t\t\t\t})(jQuery);\r\n\t\t\t\t\t\t\t\t<\/script><\/div><div class=\"dfd-spacer-module\"  data-units=\"px\" data-wide_resolution=\"1280\" data-wide_size=\"20\" data-normal_resolution=\"1024\" data-normal_size=\"20\" data-tablet_resolution=\"800\" data-tablet_size=\"20\" data-mobile_resolution=\"480\" data-mobile_size=\"20\" style=\"height: 20px;\"><\/div>[\/vc_column][\/vc_row][vc_row force_equal_height_columns=&#8221;main_row&#8221; align_content_vertically=&#8221;&#8221;][vc_column width=&#8221;1\/4&#8243;][vc_single_image image=&#8221;1320&#8243; img_size=&#8221;full&#8221; alignment=&#8221;center&#8221; onclick=&#8221;custom_link&#8221; el_id=&#8221;https:\/\/louise-mariage.com\/accessoires\/poirier\/&#8221; link=&#8221;https:\/\/louise-mariage.com\/en\/accessories\/poirier\/&#8221;]<div class=\"dfd-spacer-module\"  data-units=\"px\" data-wide_resolution=\"1280\" data-wide_size=\"15\" data-normal_resolution=\"1024\" data-normal_size=\"15\" data-tablet_resolution=\"800\" data-tablet_size=\"15\" data-mobile_resolution=\"480\" data-mobile_size=\"15\" style=\"height: 15px;\"><\/div>[\/vc_column][vc_column width=&#8221;1\/4&#8243; css=&#8221;.vc_custom_1557394637707{background-position: center !important;background-repeat: no-repeat !important;background-size: cover !important;}&#8221;][vc_single_image image=&#8221;1317&#8243; img_size=&#8221;full&#8221; alignment=&#8221;center&#8221; onclick=&#8221;custom_link&#8221; link=&#8221;https:\/\/louise-mariage.com\/en\/accessories\/wedding-ring\/&#8221;]<div class=\"dfd-spacer-module\"  data-units=\"px\" data-wide_resolution=\"1280\" data-wide_size=\"15\" data-normal_resolution=\"1024\" data-normal_size=\"15\" data-tablet_resolution=\"800\" data-tablet_size=\"15\" data-mobile_resolution=\"480\" data-mobile_size=\"15\" style=\"height: 15px;\"><\/div>[\/vc_column][vc_column width=&#8221;1\/4&#8243;][vc_single_image image=&#8221;1323&#8243; img_size=&#8221;full&#8221; alignment=&#8221;center&#8221; onclick=&#8221;custom_link&#8221; link=&#8221;https:\/\/louise-mariage.com\/accessoires\/chaussures\/&#8221;]<div class=\"dfd-spacer-module\"  data-units=\"px\" data-wide_resolution=\"1280\" data-wide_size=\"15\" data-normal_resolution=\"1024\" data-normal_size=\"15\" data-tablet_resolution=\"800\" data-tablet_size=\"15\" data-mobile_resolution=\"480\" data-mobile_size=\"15\" style=\"height: 15px;\"><\/div>[\/vc_column][vc_column width=&#8221;1\/4&#8243;][vc_single_image image=&#8221;1314&#8243; img_size=&#8221;full&#8221; alignment=&#8221;center&#8221; onclick=&#8221;custom_link&#8221; link=&#8221;https:\/\/louise-mariage.com\/en\/accessories\/bianco-accessories\/&#8221;]<div class=\"dfd-spacer-module\"  data-units=\"px\" data-wide_resolution=\"1280\" data-wide_size=\"15\" data-normal_resolution=\"1024\" data-normal_size=\"15\" data-tablet_resolution=\"800\" data-tablet_size=\"15\" data-mobile_resolution=\"480\" data-mobile_size=\"15\" style=\"height: 15px;\"><\/div>[\/vc_column][\/vc_row][vc_row][vc_column]<div class=\"dfd-spacer-module\"  data-units=\"px\" data-wide_resolution=\"1280\" data-wide_size=\"90\" data-normal_resolution=\"1024\" data-normal_size=\"90\" data-tablet_resolution=\"800\" data-tablet_size=\"90\" data-mobile_resolution=\"480\" data-mobile_size=\"90\" style=\"height: 90px;\"><\/div>[\/vc_column][\/vc_row]<\/p>\n","protected":false},"excerpt":{"rendered":"<p>[vc_row force_equal_height_columns=&#8221;main_row&#8221; dfd_row_config=&#8221;full_width_content&#8221;][vc_column width=&#8221;1\/2&#8243; css=&#8221;.vc_custom_1557405942019{background-image: url(https:\/\/louise-mariage.com\/wp-content\/uploads\/2019\/05\/bianco-evento-collier-dos.jpg?id=746) !important;background-position: center !important;background-repeat: no-repeat !important;background-size: cover !important;}&#8221;][\/vc_column][vc_column width=&#8221;1\/2&#8243; css=&#8221;.vc_custom_1557394892886{padding-top: 6% !important;padding-right: 6% !important;padding-bottom: 6% !important;padding-left: 6% !important;}&#8221;][vc_column_text]Belt in satin, chiffon, lace and pearls with<\/p>\n","protected":false},"author":1,"featured_media":0,"parent":1546,"menu_order":0,"comment_status":"closed","ping_status":"closed","template":"page-custom.php","meta":{"_mi_skip_tracking":false},"acf":[],"_links":{"self":[{"href":"https:\/\/louise-mariage.com\/en\/wp-json\/wp\/v2\/pages\/1558"}],"collection":[{"href":"https:\/\/louise-mariage.com\/en\/wp-json\/wp\/v2\/pages"}],"about":[{"href":"https:\/\/louise-mariage.com\/en\/wp-json\/wp\/v2\/types\/page"}],"author":[{"embeddable":true,"href":"https:\/\/louise-mariage.com\/en\/wp-json\/wp\/v2\/users\/1"}],"replies":[{"embeddable":true,"href":"https:\/\/louise-mariage.com\/en\/wp-json\/wp\/v2\/comments?post=1558"}],"version-history":[{"count":5,"href":"https:\/\/louise-mariage.com\/en\/wp-json\/wp\/v2\/pages\/1558\/revisions"}],"predecessor-version":[{"id":1578,"href":"https:\/\/louise-mariage.com\/en\/wp-json\/wp\/v2\/pages\/1558\/revisions\/1578"}],"up":[{"embeddable":true,"href":"https:\/\/louise-mariage.com\/en\/wp-json\/wp\/v2\/pages\/1546"}],"wp:attachment":[{"href":"https:\/\/louise-mariage.com\/en\/wp-json\/wp\/v2\/media?parent=1558"}],"curies":[{"name":"wp","href":"https:\/\/api.w.org\/{rel}","templated":true}]}}